{"id":170,"date":"2018-06-19T13:45:22","date_gmt":"2018-06-19T10:45:22","guid":{"rendered":"https:\/\/koydenorganiktr.com\/index.php\/urun\/natural-extracted-olive-oil\/"},"modified":"2026-03-17T22:41:04","modified_gmt":"2026-03-17T19:41:04","slug":"ari-sutu-40gr","status":"publish","type":"product","link":"https:\/\/koydenorganiktr.com\/index.php\/urun\/ari-sutu-40gr\/","title":{"rendered":"Ar\u0131 S\u00fct\u00fc 40 gr"},"content":{"rendered":"<div>\n<p><strong>Ar\u0131 S\u00fct\u00fc Nedir?<\/strong><\/p>\n<p>5-15 g\u00fcnl\u00fck i\u015f\u00e7i ar\u0131lar\u0131n bo\u011faz ve \u00e7ene bezlerinden salg\u0131lad\u0131klar\u0131\u00a0keskin kokulu, beyaz\u0131ms\u0131, krem k\u0131vam\u0131nda, ek\u015fi ve ac\u0131 bir tada sahip bir besin \u00fcr\u00fcn\u00fcd\u00fcr. B\u00fct\u00fcn ar\u0131lar ilk \u00fc\u00e7 g\u00fcnde, krali\u00e7e olacak ar\u0131 ise gen\u00e7 ve ergin d\u00f6nemlerinde ar\u0131 s\u00fct\u00fc ile beslenir. Ayr\u0131ca bu besin maddesi ar\u0131lar\u0131n \u00f6mr\u00fcn\u00fc direkt olarak etkiler. \u0130\u015f\u00e7i ar\u0131lar\u0131n yakla\u015f\u0131k 45 g\u00fcn, krali\u00e7e ar\u0131lar\u0131n ise 7 y\u0131la kadar ya\u015famas\u0131na imkan sa\u011flar.<\/p>\n<\/div>\n<div>\n<p><strong>Ar\u0131 S\u00fct\u00fc\u2019n\u00fcn Faydalar\u0131 Nelerdir?<\/strong><\/p>\n<p>Kemoterapiye yard\u0131m\u0131n yan\u0131nda baz\u0131 kanser t\u00fcrlerini \u00f6nlemede, kan bas\u0131nc\u0131n\u0131 d\u00fczenlemede, kolesterol seviyelerini d\u00fc\u015f\u00fcrmede, karaci\u011feri korumada, iltihab\u0131 azaltmakta, sindirim bozukluklar\u0131n\u0131 yat\u0131\u015ft\u0131rmakta, erken ya\u015flanmay\u0131 \u00f6nlemekte ve kilo vermeye yard\u0131mc\u0131 olmakta bilinir.<\/p>\n<p><strong>Ar\u0131 S\u00fct\u00fc T\u00fcketirken Dikkat Edilmesi Gerekenler\u00a0<\/strong><\/p>\n<p>Ar\u0131 s\u00fct\u00fc son derece hassas bir yap\u0131ya sahiptir. Temas etti\u011fi y\u00fczeyden, s\u0131cakl\u0131ktan dahi etkilenebilir. Bu y\u00fczden bu besin maddesini belirli kriterlerde muhafaza edilmesi, hasat edilmesi gerekmektedir. En \u00f6nemli hususlardan birisi de metal hi\u00e7bir \u00fcr\u00fcn ile temas etmemelidir. T\u00fcketici kimseler tahta veya ah\u015fap ka\u015f\u0131k tercih etmelidir. Taze ar\u0131 s\u00fct\u00fc +4\/-18 derece aras\u0131nda buzdolab\u0131nda saklanabilir.<\/p>\n<\/div>\n","protected":false},"excerpt":{"rendered":"<p><strong>Ar\u0131 S\u00fct\u00fcm\u00fcz neden \u00f6zel neden tercih edilmeli ;<\/strong><\/p>\n<p>\u00dcreticiyiz, ilkbaharda nisan ay\u0131nda Ar\u0131 s\u00fct\u00fc \u00fcretimine ba\u015fl\u0131yoruz en iyi en g\u00fc\u00e7l\u00fc kovanlar\u0131m\u0131z\u0131 ay\u0131r\u0131yoruz, kovanlar\u0131 krali\u00e7esiz b\u0131rak\u0131yoruz,<\/p>\n<p>Kovandaki be\u015f ve 15 g\u00fcnl\u00fck gen\u00e7 i\u015f\u00e7i ar\u0131lar \u00e7ene alt\u0131 bezlerinden ar\u0131 s\u00fct\u00fc salg\u0131layarak kovanlara koydu\u011fumuz krali\u00e7e y\u00fcz\u00fckleri i\u00e7erisine ar\u0131 s\u00fct\u00fc koymaya ba\u015fl\u0131yorlar 72 saat sonra kovanlar\u0131 a\u00e7\u0131yoruz ar\u0131 s\u00fct\u00fc \u00fcretim \u00e7er\u00e7evesini al\u0131yoruz a\u015f\u0131lama odam\u0131za getiriyoruz \u00a0buz kal\u0131b\u0131 i\u00e7indeki kavanozun i\u00e7erisine ar\u0131 s\u00fct\u00fcn\u00fc topluyoruz, bir y\u00fcz\u00fckten miligram bazda ar\u0131 s\u00fct\u00fc \u00e7\u0131k\u0131yor 1 kovanda 54 y\u00fcz\u00fckten yakla\u015f\u0131k 16-25 gram aras\u0131nda ar\u0131 s\u00fct\u00fc \u00e7\u0131k\u0131yor.<\/p>\n<p>\u00dcretim ve \u00e7iftli\u011fimizden video ve g\u00f6r\u00fcnt\u00fcleri ve yapt\u0131\u011f\u0131m\u0131z kaliteli \u00fcretimin detaylar\u0131n\u0131 merak ederseniz sayfam\u0131z\u0131n alt\u0131ndan instagram ve youtube iconlar\u0131na t\u0131klayarak sosyal medya hesaplar\u0131m\u0131zdan bizleri inceleyebilirsiniz. Sa\u011fl\u0131cakla kalman\u0131z i\u00e7in \u00e7al\u0131\u015fmalar\u0131m\u0131za \u00e7izgimizi bozmadan devam edece\u011fiz.<\/p>\n<p>Sevgi ile \u00fcretti\u011fimiz, \u00f6zenle haz\u0131rlad\u0131\u011f\u0131m\u0131z Ar\u0131 S\u00fct\u00fcm\u00fcz\u00fc t\u00fcketenlere \u015fifa olsun.<\/p>\n","protected":false},"featured_media":5494,"comment_status":"open","ping_status":"closed","template":"","meta":{"om_disable_all_campaigns":false,"_mi_skip_tracking":false,"site-sidebar-layout":"default","site-content-layout":"default","ast-global-header-display":"","ast-main-header-display":"","ast-hfb-above-header-display":"","ast-hfb-below-header-display":"","ast-hfb-mobile-header-display":"","site-post-title":"","ast-breadcrumbs-content":"","ast-featured-img":"","footer-sml-layout":"","theme-transparent-header-meta":"default","adv-header-id-meta":"","stick-header-meta":"","header-above-stick-meta":"","header-main-stick-meta":"","header-below-stick-meta":"","_joinchat":[]},"product_cat":[23],"product_tag":[38,36,39,37,40,35],"class_list":["post-170","product","type-product","status-publish","has-post-thumbnail","hentry","product_cat-organik","product_tag-ari-sutu","product_tag-dogal-bal","product_tag-karakovan-bali","product_tag-polen","product_tag-propolis","product_tag-suzme-cicek-bali"],"_links":{"self":[{"href":"https:\/\/koydenorganiktr.com\/index.php\/wp-json\/wp\/v2\/product\/170","targetHints":{"allow":["GET"]}}],"collection":[{"href":"https:\/\/koydenorganiktr.com\/index.php\/wp-json\/wp\/v2\/product"}],"about":[{"href":"https:\/\/koydenorganiktr.com\/index.php\/wp-json\/wp\/v2\/types\/product"}],"replies":[{"embeddable":true,"href":"https:\/\/koydenorganiktr.com\/index.php\/wp-json\/wp\/v2\/comments?post=170"}],"wp:featuredmedia":[{"embeddable":true,"href":"https:\/\/koydenorganiktr.com\/index.php\/wp-json\/wp\/v2\/media\/5494"}],"wp:attachment":[{"href":"https:\/\/koydenorganiktr.com\/index.php\/wp-json\/wp\/v2\/media?parent=170"}],"wp:term":[{"taxonomy":"product_cat","embeddable":true,"href":"https:\/\/koydenorganiktr.com\/index.php\/wp-json\/wp\/v2\/product_cat?post=170"},{"taxonomy":"product_tag","embeddable":true,"href":"https:\/\/koydenorganiktr.com\/index.php\/wp-json\/wp\/v2\/product_tag?post=170"}],"curies":[{"name":"wp","href":"https:\/\/api.w.org\/{rel}","templated":true}]}}